{"id":18,"date":"2018-07-06T16:59:55","date_gmt":"2018-07-06T14:59:55","guid":{"rendered":"http:\/\/beta.fizjoterapiawarzecha.pl\/?page_id=18"},"modified":"2025-03-11T14:53:49","modified_gmt":"2025-03-11T13:53:49","slug":"strona-glowna","status":"publish","type":"page","link":"https:\/\/beta.fizjoterapiawarzecha.pl\/","title":{"rendered":"Strona g\u0142\u00f3wna"},"content":{"rendered":"\t\t<div data-elementor-type=\"wp-post\" data-elementor-id=\"18\" class=\"elementor elementor-18 elementor-bc-flex-widget\" data-elementor-post-type=\"page\">\n\t\t\t\t\t\t<section class=\"elementor-section elementor-top-section elementor-element elementor-element-c63bc7c elementor-section-height-min-height elementor-section-boxed elementor-section-height-default elementor-section-items-middle\" data-id=\"c63bc7c\" data-element_type=\"section\" data-e-type=\"section\" data-settings=\"{&quot;background_background&quot;:&quot;classic&quot;}\">\n\t\t\t\t\t\t<div class=\"elementor-container elementor-column-gap-no\">\n\t\t\t\t\t<div class=\"elementor-column elementor-col-100 elementor-top-column elementor-element elementor-element-4f30fac\" data-id=\"4f30fac\" data-element_type=\"column\" data-e-type=\"column\">\n\t\t\t<div class=\"elementor-widget-wrap elementor-element-populated\">\n\t\t\t\t\t\t<div class=\"elementor-element elementor-element-926c88a elementor-widget elementor-widget-heading\" data-id=\"926c88a\" data-element_type=\"widget\" data-e-type=\"widget\" data-widget_type=\"heading.default\">\n\t\t\t\t<div class=\"elementor-widget-container\">\n\t\t\t\t\t<h1 class=\"elementor-heading-title elementor-size-default\"><span class=\"smaller\">Spr\u00f3buj prawdziwej<\/span><br>\nfizjoterapii w Tarnowie<\/h1>\t\t\t\t<\/div>\n\t\t\t\t<\/div>\n\t\t\t\t<div class=\"elementor-element elementor-element-0e883a7 elementor-blockquote--skin-quotation elementor-widget elementor-widget-blockquote\" data-id=\"0e883a7\" data-element_type=\"widget\" data-e-type=\"widget\" data-widget_type=\"blockquote.default\">\n\t\t\t\t<div class=\"elementor-widget-container\">\n\t\t\t\t\t\t\t<blockquote class=\"elementor-blockquote\">\n\t\t\t<p class=\"elementor-blockquote__content\">\n\t\t\t\tMateusz to mistrz w swoim fachu, a do tego osoba niezwykle sympatyczna i komunikatywna. Na wizyt\u0119 pojecha\u0142em z kulami a wyszed\u0142em na w\u0142asnych nogach. Serdecznie polecam wszystkim.\t\t\t<\/p>\n\t\t\t\t\t<\/blockquote>\n\t\t\t\t\t\t<\/div>\n\t\t\t\t<\/div>\n\t\t\t\t<div class=\"elementor-element elementor-element-29a5dff elementor-widget elementor-widget-button\" data-id=\"29a5dff\" data-element_type=\"widget\" data-e-type=\"widget\" data-widget_type=\"button.default\">\n\t\t\t\t<div class=\"elementor-widget-container\">\n\t\t\t\t\t\t\t\t\t<div class=\"elementor-button-wrapper\">\n\t\t\t\t\t<a class=\"elementor-button elementor-button-link elementor-size-sm\" href=\"\/kontakt\">\n\t\t\t\t\t\t<span class=\"elementor-button-content-wrapper\">\n\t\t\t\t\t\t\t\t\t<span class=\"elementor-button-text\">Um\u00f3w si\u0119 na wizyt\u0119<\/span>\n\t\t\t\t\t<\/span>\n\t\t\t\t\t<\/a>\n\t\t\t\t<\/div>\n\t\t\t\t\t\t\t\t<\/div>\n\t\t\t\t<\/div>\n\t\t\t\t\t<\/div>\n\t\t<\/div>\n\t\t\t\t\t<\/div>\n\t\t<\/section>\n\t\t\t\t<section class=\"elementor-section elementor-top-section elementor-element elementor-element-cc53f13 elementor-section-boxed elementor-section-height-default elementor-section-height-default\" data-id=\"cc53f13\" data-element_type=\"section\" data-e-type=\"section\" data-settings=\"{&quot;background_background&quot;:&quot;gradient&quot;}\">\n\t\t\t\t\t\t<div class=\"elementor-container elementor-column-gap-default\">\n\t\t\t\t\t<div class=\"elementor-column elementor-col-100 elementor-top-column elementor-element elementor-element-ed560c5\" data-id=\"ed560c5\" data-element_type=\"column\" data-e-type=\"column\" data-settings=\"{&quot;background_background&quot;:&quot;classic&quot;}\">\n\t\t\t<div class=\"elementor-widget-wrap elementor-element-populated\">\n\t\t\t\t\t\t<section class=\"elementor-section elementor-inner-section elementor-element elementor-element-62ee751 elementor-section-content-top elementor-section-boxed elementor-section-height-default elementor-section-height-default\" data-id=\"62ee751\" data-element_type=\"section\" data-e-type=\"section\">\n\t\t\t\t\t\t<div class=\"elementor-container elementor-column-gap-default\">\n\t\t\t\t\t<div class=\"elementor-column elementor-col-50 elementor-inner-column elementor-element elementor-element-a8084b8\" data-id=\"a8084b8\" data-element_type=\"column\" data-e-type=\"column\">\n\t\t\t<div class=\"elementor-widget-wrap elementor-element-populated\">\n\t\t\t\t\t\t<div class=\"elementor-element elementor-element-3eff526 elementor-widget elementor-widget-heading\" data-id=\"3eff526\" data-element_type=\"widget\" data-e-type=\"widget\" data-widget_type=\"heading.default\">\n\t\t\t\t<div class=\"elementor-widget-container\">\n\t\t\t\t\t<h2 class=\"elementor-heading-title elementor-size-default\">W czym mog\u0119 Ci pom\u00f3c?<\/h2>\t\t\t\t<\/div>\n\t\t\t\t<\/div>\n\t\t\t\t<div class=\"elementor-element elementor-element-b03c941 elementor-widget elementor-widget-text-editor\" data-id=\"b03c941\" data-element_type=\"widget\" data-e-type=\"widget\" data-widget_type=\"text-editor.default\">\n\t\t\t\t<div class=\"elementor-widget-container\">\n\t\t\t\t\t\t\t\t\t<p>Jestem akapitem tekstu. Kliknij przycisk, by zmieni\u0107 ten tekst. Lorem ipsum dolor sit amet, consectetur adipiscing elit. Ut elit tellus, luctus nec ullamcorper mattis, pulvinar dapibus leo.<\/p><p><a href=\"#\">Dowiedz si\u0119 wi\u0119cej\u00a0\u00bb<\/a><\/p>\t\t\t\t\t\t\t\t<\/div>\n\t\t\t\t<\/div>\n\t\t\t\t\t<\/div>\n\t\t<\/div>\n\t\t\t\t<div class=\"elementor-column elementor-col-50 elementor-inner-column elementor-element elementor-element-274c64d\" data-id=\"274c64d\" data-element_type=\"column\" data-e-type=\"column\">\n\t\t\t<div class=\"elementor-widget-wrap elementor-element-populated\">\n\t\t\t\t\t\t<div class=\"elementor-element elementor-element-15cde8e elementor-widget elementor-widget-heading\" data-id=\"15cde8e\" data-element_type=\"widget\" data-e-type=\"widget\" data-widget_type=\"heading.default\">\n\t\t\t\t<div class=\"elementor-widget-container\">\n\t\t\t\t\t<h2 class=\"elementor-heading-title elementor-size-default\">Jak mog\u0119&nbsp;Ci pom\u00f3c?<\/h2>\t\t\t\t<\/div>\n\t\t\t\t<\/div>\n\t\t\t\t<div class=\"elementor-element elementor-element-2e39346 elementor-widget elementor-widget-text-editor\" data-id=\"2e39346\" data-element_type=\"widget\" data-e-type=\"widget\" data-widget_type=\"text-editor.default\">\n\t\t\t\t<div class=\"elementor-widget-container\">\n\t\t\t\t\t\t\t\t\tNie ma tylko jednej metody terapii, kt\u00f3ra jest skuteczna dla ka\u017cdego typu schorzenia. Dlatego dobieram technik\u0119, kt\u00f3ra najszybciej pomo\u017ce wygra\u0107 Ci z b\u00f3lem.\n<p class=\"icon-box\"><a href=\"#\"><span class=\"screen-reader-text\">Klawikoterapia<\/span><i class=\"fa fa-star\"><\/i><\/a> <a href=\"#\"><span class=\"screen-reader-text\">Klawikoterapia<\/span><i class=\"fa fa-star\"><\/i><\/a> <a href=\"#\"><span class=\"screen-reader-text\">Klawikoterapia<\/span><i class=\"fa fa-star\"><\/i><\/a> <a href=\"#\"><span class=\"screen-reader-text\">Klawikoterapia<\/span><i class=\"fa fa-star\"><\/i><\/a><\/p>\n<a href=\"#\">Poznaj moje techniki \u00bb<\/a>\t\t\t\t\t\t\t\t<\/div>\n\t\t\t\t<\/div>\n\t\t\t\t\t<\/div>\n\t\t<\/div>\n\t\t\t\t\t<\/div>\n\t\t<\/section>\n\t\t\t\t\t<\/div>\n\t\t<\/div>\n\t\t\t\t\t<\/div>\n\t\t<\/section>\n\t\t\t\t<section class=\"elementor-section elementor-top-section elementor-element elementor-element-094e9ad elementor-section-boxed elementor-section-height-default elementor-section-height-default\" data-id=\"094e9ad\" data-element_type=\"section\" data-e-type=\"section\">\n\t\t\t\t\t\t<div class=\"elementor-container elementor-column-gap-no\">\n\t\t\t\t\t<div class=\"elementor-column elementor-col-100 elementor-top-column elementor-element elementor-element-81a99cb\" data-id=\"81a99cb\" data-element_type=\"column\" data-e-type=\"column\">\n\t\t\t<div class=\"elementor-widget-wrap elementor-element-populated\">\n\t\t\t\t\t\t<div class=\"elementor-element elementor-element-294ea49 elementor-widget elementor-widget-heading\" data-id=\"294ea49\" data-element_type=\"widget\" data-e-type=\"widget\" data-widget_type=\"heading.default\">\n\t\t\t\t<div class=\"elementor-widget-container\">\n\t\t\t\t\t<h2 class=\"elementor-heading-title elementor-size-default\">Opinie pacjent\u00f3w<\/h2>\t\t\t\t<\/div>\n\t\t\t\t<\/div>\n\t\t\t\t<div class=\"elementor-element elementor-element-894a9fb elementor-testimonial--align-left elementor-testimonial--skin-default elementor-testimonial--layout-image_inline elementor-arrows-yes elementor-pagination-type-bullets elementor-widget elementor-widget-testimonial-carousel\" data-id=\"894a9fb\" data-element_type=\"widget\" data-e-type=\"widget\" data-settings=\"{&quot;slides_per_view&quot;:&quot;3&quot;,&quot;slides_to_scroll&quot;:&quot;3&quot;,&quot;speed&quot;:350,&quot;space_between&quot;:{&quot;unit&quot;:&quot;px&quot;,&quot;size&quot;:30,&quot;sizes&quot;:[]},&quot;show_arrows&quot;:&quot;yes&quot;,&quot;pagination&quot;:&quot;bullets&quot;,&quot;autoplay&quot;:&quot;yes&quot;,&quot;autoplay_speed&quot;:5000,&quot;loop&quot;:&quot;yes&quot;,&quot;pause_on_hover&quot;:&quot;yes&quot;,&quot;pause_on_interaction&quot;:&quot;yes&quot;,&quot;space_between_tablet&quot;:{&quot;unit&quot;:&quot;px&quot;,&quot;size&quot;:10,&quot;sizes&quot;:[]},&quot;space_between_mobile&quot;:{&quot;unit&quot;:&quot;px&quot;,&quot;size&quot;:10,&quot;sizes&quot;:[]}}\" data-widget_type=\"testimonial-carousel.default\">\n\t\t\t\t<div class=\"elementor-widget-container\">\n\t\t\t\t\t\t\t\t\t<div class=\"elementor-swiper\">\n\t\t\t\t\t<div class=\"elementor-main-swiper swiper\" role=\"region\" aria-roledescription=\"carousel\" aria-label=\"Slajdy\">\n\t\t\t\t<div class=\"swiper-wrapper\">\n\t\t\t\t\t\t\t\t\t\t\t<div class=\"swiper-slide\" role=\"group\" aria-roledescription=\"slide\">\n\t\t\t\t\t\t\t\t\t<div class=\"elementor-testimonial\">\n\t\t\t\t\t\t\t<div class=\"elementor-testimonial__content\">\n\t\t\t\t\t<div class=\"elementor-testimonial__text\">\n\t\t\t\t\t\tTo najskuteczniejszy fizjoterapeuta z jakim do tej pory mia\u0142am do czynienia! Po 3 latach rehabilitacji w r\u00f3\u017cnych miejscach trafi\u0142am do Mateusza, kt\u00f3ry z niezwyk\u0142\u0105 staranno\u015bci\u0105 przeanalizowa\u0142 m\u00f3j przypadek i dobral odpowiedni\u0105 terapi\u0119. Teraz po 3 miesi\u0105cach wsp\u00f3lnych dzia\u0142a\u0144 mog\u0119 \u015bmia\u0142o powiedzie\u0107, \u017ce dzi\u0119ki niemu dysfunkcje, kt\u00f3re do tej pory mnie ograniczaly w codziennym \u017cyciu ( porazony nerw strzalkowy, puchni\u0119cie i b\u00f3l lewej nogi) s\u0105 o wiele mniej odczuwalne. \t\t\t\t\t<\/div>\n\t\t\t\t\t\t\t\t\t<\/div>\n\t\t\t\t\t\t<div class=\"elementor-testimonial__footer\">\n\t\t\t\t\t\t\t\t<cite class=\"elementor-testimonial__cite\"><span class=\"elementor-testimonial__name\">Magdalena<\/span><\/cite>\t\t\t<\/div>\n\t\t<\/div>\n\t\t\t\t\t\t\t\t<\/div>\n\t\t\t\t\t\t\t\t\t\t\t<div class=\"swiper-slide\" role=\"group\" aria-roledescription=\"slide\">\n\t\t\t\t\t\t\t\t\t<div class=\"elementor-testimonial\">\n\t\t\t\t\t\t\t<div class=\"elementor-testimonial__content\">\n\t\t\t\t\t<div class=\"elementor-testimonial__text\">\n\t\t\t\t\t\tNa wizyt\u0119 trafi\u0142em po 3 dniach od skr\u0119cenia stawu skokowego, do tego czasu kostka by\u0142a opuchnieta, bola\u0142a przy ka\u017cdym nacisku i pr\u00f3bie chodzenia. Po godzinie terapii ulga w b\u00f3lu i rozlu\u017anienie stawu by\u0142o niesamowite. Mateusz to mistrz w swoim fachu, a do tego osoba niezwykle sympatyczna i komunikatywna. Na wizyt\u0119 pojecha\u0142em z kulami a wyszed\u0142em na w\u0142asnych nogach. Serdecznie polecam wszystkim.\t\t\t\t\t<\/div>\n\t\t\t\t\t\t\t\t\t<\/div>\n\t\t\t\t\t\t<div class=\"elementor-testimonial__footer\">\n\t\t\t\t\t\t\t\t<cite class=\"elementor-testimonial__cite\"><span class=\"elementor-testimonial__name\">Micha\u0142<\/span><\/cite>\t\t\t<\/div>\n\t\t<\/div>\n\t\t\t\t\t\t\t\t<\/div>\n\t\t\t\t\t\t\t\t\t\t\t<div class=\"swiper-slide\" role=\"group\" aria-roledescription=\"slide\">\n\t\t\t\t\t\t\t\t\t<div class=\"elementor-testimonial\">\n\t\t\t\t\t\t\t<div class=\"elementor-testimonial__content\">\n\t\t\t\t\t<div class=\"elementor-testimonial__text\">\n\t\t\t\t\t\tProfesjonalista w ka\u017cdym calu. Nigdy jeszcze (a prze\u017cy\u0142am ju\u017c sporo) nie uda\u0142o mi si\u0119 tyle skorzysta\u0107 z jednej wizyty! Trafi\u0142am do gabinetu P. Mateusza z dr\u0119twieniem ko\u0144czyn g\u00f3rnych oraz b\u00f3lem barku i szyi. M\u00f3j kr\u0119gos\u0142up w odcinku szyjnym jest mocno \"zu\u017cyty\" wi\u0119c nie obiecywa\u0142am sobie za wiele. Imponuj\u0105ca wiedza fizjoterapeuty poparta zr\u0119czno\u015bci\u0105 w opanowaniu technik manualnych sprawi\u0142y, \u017ce opu\u015bci\u0142am gabinet w naprawd\u0119 \u015bwietnej formie. \t\t\t\t\t<\/div>\n\t\t\t\t\t\t\t\t\t<\/div>\n\t\t\t\t\t\t<div class=\"elementor-testimonial__footer\">\n\t\t\t\t\t\t\t\t<cite class=\"elementor-testimonial__cite\"><span class=\"elementor-testimonial__name\">Danuta<\/span><\/cite>\t\t\t<\/div>\n\t\t<\/div>\n\t\t\t\t\t\t\t\t<\/div>\n\t\t\t\t\t\t\t\t\t\t\t<div class=\"swiper-slide\" role=\"group\" aria-roledescription=\"slide\">\n\t\t\t\t\t\t\t\t\t<div class=\"elementor-testimonial\">\n\t\t\t\t\t\t\t<div class=\"elementor-testimonial__content\">\n\t\t\t\t\t<div class=\"elementor-testimonial__text\">\n\t\t\t\t\t\tMateusz w swojej pracy wykazuj\u0119 si\u0119 pe\u0142nym profesjonalizmem oraz zaanga\u017cowaniem w prace z pacjentem. Wnikliwie analizuje nasz problem i w bardzo \u0142atwy spos\u00f3b t\u0142umaczy, co jest jego powodem. Wskazuje, na jakie objawy w \u017cyciu codziennym zwraca\u0107 uwag\u0119 i jak z nimi walczy\u0107. Wizyta przebiega w bardzo mi\u0142ej atmosferze. Polecam skorzysta\u0107 z us\u0142ug Mateusza ka\u017cdemu, kto chce zatroszczy\u0107 si\u0119 o swoje zdrowie!\t\t\t\t\t<\/div>\n\t\t\t\t\t\t\t\t\t<\/div>\n\t\t\t\t\t\t<div class=\"elementor-testimonial__footer\">\n\t\t\t\t\t\t\t\t<cite class=\"elementor-testimonial__cite\"><span class=\"elementor-testimonial__name\">Magdalena<\/span><\/cite>\t\t\t<\/div>\n\t\t<\/div>\n\t\t\t\t\t\t\t\t<\/div>\n\t\t\t\t\t\t\t\t\t\t\t<div class=\"swiper-slide\" role=\"group\" aria-roledescription=\"slide\">\n\t\t\t\t\t\t\t\t\t<div class=\"elementor-testimonial\">\n\t\t\t\t\t\t\t<div class=\"elementor-testimonial__content\">\n\t\t\t\t\t<div class=\"elementor-testimonial__text\">\n\t\t\t\t\t\tProfesjonalista w ka\u017cdym calu bez dw\u00f3ch zda\u0144. Pan Mateusz maksymalnie anga\u017cuje sie w pomoc pacjentowi, jest otwarty na r\u00f3\u017cne rozwi\u0105zania - zawsze znajdzie odpowiedni spos\u00f3b terapii. W zwi\u0105zku z b\u00f3lem spowodowanym du\u017cym nat\u0119\u017ceniem trening\u00f3w biegowych postanowi\u0142em uda\u0107 si\u0119 do Pana Mateusza na terapie, co by\u0142o \u015bwietn\u0105 decyzj\u0105, gdy\u017c problemu pozby\u0142em si\u0119 zdecydowanie szybciej ni\u017c zak\u0142ada\u0142em. Zdecydowanie polecam!\t\t\t\t\t<\/div>\n\t\t\t\t\t\t\t\t\t<\/div>\n\t\t\t\t\t\t<div class=\"elementor-testimonial__footer\">\n\t\t\t\t\t\t\t\t<cite class=\"elementor-testimonial__cite\"><span class=\"elementor-testimonial__name\">Misiek123<\/span><\/cite>\t\t\t<\/div>\n\t\t<\/div>\n\t\t\t\t\t\t\t\t<\/div>\n\t\t\t\t\t\t\t\t\t\t\t<div class=\"swiper-slide\" role=\"group\" aria-roledescription=\"slide\">\n\t\t\t\t\t\t\t\t\t<div class=\"elementor-testimonial\">\n\t\t\t\t\t\t\t<div class=\"elementor-testimonial__content\">\n\t\t\t\t\t<div class=\"elementor-testimonial__text\">\n\t\t\t\t\t\tPrzyszed\u0142em na wizyt\u0119 ze skr\u00f3con\u0105 kostk\u0105 po kontuzji na meczu. Po godzinnej wizycie i intensywnej pracy ze strony fizjoterapeuty Mateusza. Mog\u0119 \u015bmia\u0142o powiedzie\u0107, \u017ce jestem bardzo zadowolony. Polecam serdecznie ka\u017cdemu. Profesjonalne podej\u015bcie, ogromna poprawa po wizycie, du\u017ca wiedza fizjoterapeuty i bardzo mi\u0142a atmosfera.\t\t\t\t\t<\/div>\n\t\t\t\t\t\t\t\t\t<\/div>\n\t\t\t\t\t\t<div class=\"elementor-testimonial__footer\">\n\t\t\t\t\t\t\t\t<cite class=\"elementor-testimonial__cite\"><span class=\"elementor-testimonial__name\">Jakub<\/span><\/cite>\t\t\t<\/div>\n\t\t<\/div>\n\t\t\t\t\t\t\t\t<\/div>\n\t\t\t\t\t\t\t\t\t\t\t<div class=\"swiper-slide\" role=\"group\" aria-roledescription=\"slide\">\n\t\t\t\t\t\t\t\t\t<div class=\"elementor-testimonial\">\n\t\t\t\t\t\t\t<div class=\"elementor-testimonial__content\">\n\t\t\t\t\t<div class=\"elementor-testimonial__text\">\n\t\t\t\t\t\tBy\u0142em pierwszy raz i napewno nie ostatni. Pe\u0142en profesjonalizm i indywidualne podej\u015bcie do pacjenta, Pan Mateusz postawi na nogi ka\u017cdego obola\u0142ego i \"postrzykni\u0119tego\" pacjenta, jedynym minusem jest to, \u017ce pozna\u0142em Pana zbyt p\u00f3\u017ano, zaoszcz\u0119dzi\u0142bym sobie du\u017co zdrowia i pieni\u0119dzy. Ju\u017c jedna wizyta wystarczy\u0142a aby cieszy\u0107 si\u0119 \u017cyciem bez b\u00f3lu! POLECAM !!!\t\t\t\t\t<\/div>\n\t\t\t\t\t\t\t\t\t<\/div>\n\t\t\t\t\t\t<div class=\"elementor-testimonial__footer\">\n\t\t\t\t\t\t\t\t<cite class=\"elementor-testimonial__cite\"><span class=\"elementor-testimonial__name\">\u0141ukasz<\/span><\/cite>\t\t\t<\/div>\n\t\t<\/div>\n\t\t\t\t\t\t\t\t<\/div>\n\t\t\t\t\t\t\t\t\t\t\t<div class=\"swiper-slide\" role=\"group\" aria-roledescription=\"slide\">\n\t\t\t\t\t\t\t\t\t<div class=\"elementor-testimonial\">\n\t\t\t\t\t\t\t<div class=\"elementor-testimonial__content\">\n\t\t\t\t\t<div class=\"elementor-testimonial__text\">\n\t\t\t\t\t\t\u015awietny specjalista, zawsze w pe\u0142ni zaanga\u017cowany w pomoc pacjentowi. Dzi\u0119ki Panu Mateuszowi pozby\u0142em si\u0119 swoich problem\u00f3w du\u017co szybciej ni\u017c zak\u0142ada\u0142em. Zawsze szuka jak najlepszych rozwi\u0105za\u0144 co pozwala maksymalnie skr\u00f3ci\u0107 czas terapii i w bardzo ktorkim czasie \"stan\u0105\u0107 na nogi\"! Zdecydowanie polecam.\t\t\t\t\t<\/div>\n\t\t\t\t\t\t\t\t\t<\/div>\n\t\t\t\t\t\t<div class=\"elementor-testimonial__footer\">\n\t\t\t\t\t\t\t\t<cite class=\"elementor-testimonial__cite\"><span class=\"elementor-testimonial__name\">Cezary<\/span><\/cite>\t\t\t<\/div>\n\t\t<\/div>\n\t\t\t\t\t\t\t\t<\/div>\n\t\t\t\t\t\t\t\t\t<\/div>\n\t\t\t\t\t\t\t\t\t\t\t\t\t\t\t<div class=\"elementor-swiper-button elementor-swiper-button-prev\" role=\"button\" tabindex=\"0\" aria-label=\"Poprzedni\">\n\t\t\t\t\t\t\t<i aria-hidden=\"true\" class=\"eicon-chevron-left\"><\/i>\t\t\t\t\t\t<\/div>\n\t\t\t\t\t\t<div class=\"elementor-swiper-button elementor-swiper-button-next\" role=\"button\" tabindex=\"0\" aria-label=\"Nast\u0119pny\">\n\t\t\t\t\t\t\t<i aria-hidden=\"true\" class=\"eicon-chevron-right\"><\/i>\t\t\t\t\t\t<\/div>\n\t\t\t\t\t\t\t\t\t\t\t\t\t\t\t\t<div class=\"swiper-pagination\"><\/div>\n\t\t\t\t\t\t\t\t\t\t\t\t<\/div>\n\t\t\t\t<\/div>\n\t\t\t\t\t\t\t\t<\/div>\n\t\t\t\t<\/div>\n\t\t\t\t\t<\/div>\n\t\t<\/div>\n\t\t\t\t\t<\/div>\n\t\t<\/section>\n\t\t\t\t<\/div>\n\t\t","protected":false},"excerpt":{"rendered":"<p>Spr\u00f3buj prawdziwej fizjoterapii w Tarnowie Mateusz to mistrz w swoim fachu, a do tego osoba niezwykle sympatyczna i komunikatywna. Na wizyt\u0119 pojecha\u0142em z kulami a wyszed\u0142em na w\u0142asnych nogach. Serdecznie polecam wszystkim. Um\u00f3w si\u0119 na wizyt\u0119 W czym mog\u0119 Ci pom\u00f3c? Jestem akapitem tekstu. Kliknij przycisk, by zmieni\u0107 ten tekst. Lorem ipsum dolor sit amet, &#8230; <a title=\"Strona g\u0142\u00f3wna\" class=\"read-more\" href=\"https:\/\/beta.fizjoterapiawarzecha.pl\/\" aria-label=\"Dowiedz si\u0119 wi\u0119cej o Strona g\u0142\u00f3wna\">Read more<\/a><\/p>\n","protected":false},"author":1,"featured_media":0,"parent":0,"menu_order":0,"comment_status":"closed","ping_status":"closed","template":"","meta":{"footnotes":""},"class_list":["post-18","page","type-page","status-publish"],"_links":{"self":[{"href":"https:\/\/beta.fizjoterapiawarzecha.pl\/index.php?rest_route=\/wp\/v2\/pages\/18","targetHints":{"allow":["GET"]}}],"collection":[{"href":"https:\/\/beta.fizjoterapiawarzecha.pl\/index.php?rest_route=\/wp\/v2\/pages"}],"about":[{"href":"https:\/\/beta.fizjoterapiawarzecha.pl\/index.php?rest_route=\/wp\/v2\/types\/page"}],"author":[{"embeddable":true,"href":"https:\/\/beta.fizjoterapiawarzecha.pl\/index.php?rest_route=\/wp\/v2\/users\/1"}],"replies":[{"embeddable":true,"href":"https:\/\/beta.fizjoterapiawarzecha.pl\/index.php?rest_route=%2Fwp%2Fv2%2Fcomments&post=18"}],"version-history":[{"count":23,"href":"https:\/\/beta.fizjoterapiawarzecha.pl\/index.php?rest_route=\/wp\/v2\/pages\/18\/revisions"}],"predecessor-version":[{"id":83,"href":"https:\/\/beta.fizjoterapiawarzecha.pl\/index.php?rest_route=\/wp\/v2\/pages\/18\/revisions\/83"}],"wp:attachment":[{"href":"https:\/\/beta.fizjoterapiawarzecha.pl\/index.php?rest_route=%2Fwp%2Fv2%2Fmedia&parent=18"}],"curies":[{"name":"wp","href":"https:\/\/api.w.org\/{rel}","templated":true}]}}