{"id":2,"date":"2018-07-05T14:52:27","date_gmt":"2018-07-05T14:52:27","guid":{"rendered":"http:\/\/wp-4-9-6.autoinstalator.eu\/?page_id=2"},"modified":"2018-07-05T14:52:27","modified_gmt":"2018-07-05T14:52:27","slug":"przykladowa-strona","status":"publish","type":"page","link":"https:\/\/beta.fizjoterapiawarzecha.pl\/?page_id=2","title":{"rendered":"Przyk\u0142adowa strona"},"content":{"rendered":"<p>To jest przyk\u0142adowa strona. Strony s\u0105 inne ni\u017c wpisy na blogu, poniewa\u017c nie tylko znajduj\u0105 si\u0119 zawsze w jednym miejscu, ale tak\u017ce pojawiaj\u0105 si\u0119 w menu witryny (w wi\u0119kszo\u015bci motyw\u00f3w). Wi\u0119kszo\u015b\u0107 u\u017cytkownik\u00f3w umieszcza na swoich witrynach stron\u0119 z informacjami o sobie, dzi\u0119ki kt\u00f3rym przedstawiaj\u0105 si\u0119 odwiedzaj\u0105cym ich witryn\u0119. Taka strona mo\u017ce zawiera\u0107 na przyk\u0142ad taki tekst:<\/p>\n<blockquote><p>Cze\u015b\u0107! Za dnia jestem go\u0144cem, a noc\u0105 pr\u00f3buj\u0119 swoich si\u0142 w aktorstwie. To jest moja witryna. Mieszkam w Los Angeles, mam wspania\u0142ego psa, kt\u00f3ry wabi si\u0119 Jack i lubi\u0119 pi&#241;a colad\u0119 (a tak\u017ce spacery, gdy pada deszcz).<\/p><\/blockquote>\n<p>&#8230; lub taki:<\/p>\n<blockquote><p>Firma Wihajstry XYZ zosta\u0142a za\u0142o\u017cona w 1971 roku i od pocz\u0105tku swojego istnienia zajmuje si\u0119 produkcj\u0105 najlepszych wihajstr\u00f3w. W naszej siedzibie w Gotham City pracuje ponad 2000 os\u00f3b, kt\u00f3re zajmuj\u0105 si\u0119 robieniem ca\u0142ej masy fantastycznych rzeczy dla mieszka\u0144c\u00f3w Gotham.<\/p><\/blockquote>\n<p>Jako nowy u\u017cytkownik WordPressa powiniene\u015b przej\u015b\u0107 do <a href=\"http:\/\/wp-4-9-6.autoinstalator.eu\/wp-admin\/\">swojego kokpitu<\/a>, aby usun\u0105\u0107 t\u0119 stron\u0119 i utworzy\u0107 nowe strony z w\u0142asn\u0105 tre\u015bci\u0105. Baw si\u0119 dobrze!<\/p>\n","protected":false},"excerpt":{"rendered":"<p>To jest przyk\u0142adowa strona. Strony s\u0105 inne ni\u017c wpisy na blogu, poniewa\u017c nie tylko znajduj\u0105 si\u0119 zawsze w jednym miejscu, ale tak\u017ce pojawiaj\u0105 si\u0119 w menu witryny (w wi\u0119kszo\u015bci motyw\u00f3w). Wi\u0119kszo\u015b\u0107 u\u017cytkownik\u00f3w umieszcza na swoich witrynach stron\u0119 z informacjami o sobie, dzi\u0119ki kt\u00f3rym przedstawiaj\u0105 si\u0119 odwiedzaj\u0105cym ich witryn\u0119. Taka strona mo\u017ce zawiera\u0107 na przyk\u0142ad taki &#8230; <a title=\"Przyk\u0142adowa strona\" class=\"read-more\" href=\"https:\/\/beta.fizjoterapiawarzecha.pl\/?page_id=2\" aria-label=\"Dowiedz si\u0119 wi\u0119cej o Przyk\u0142adowa strona\">Read more<\/a><\/p>\n","protected":false},"author":1,"featured_media":0,"parent":0,"menu_order":0,"comment_status":"closed","ping_status":"open","template":"","meta":{"footnotes":""},"class_list":["post-2","page","type-page","status-publish"],"_links":{"self":[{"href":"https:\/\/beta.fizjoterapiawarzecha.pl\/index.php?rest_route=\/wp\/v2\/pages\/2","targetHints":{"allow":["GET"]}}],"collection":[{"href":"https:\/\/beta.fizjoterapiawarzecha.pl\/index.php?rest_route=\/wp\/v2\/pages"}],"about":[{"href":"https:\/\/beta.fizjoterapiawarzecha.pl\/index.php?rest_route=\/wp\/v2\/types\/page"}],"author":[{"embeddable":true,"href":"https:\/\/beta.fizjoterapiawarzecha.pl\/index.php?rest_route=\/wp\/v2\/users\/1"}],"replies":[{"embeddable":true,"href":"https:\/\/beta.fizjoterapiawarzecha.pl\/index.php?rest_route=%2Fwp%2Fv2%2Fcomments&post=2"}],"version-history":[{"count":0,"href":"https:\/\/beta.fizjoterapiawarzecha.pl\/index.php?rest_route=\/wp\/v2\/pages\/2\/revisions"}],"wp:attachment":[{"href":"https:\/\/beta.fizjoterapiawarzecha.pl\/index.php?rest_route=%2Fwp%2Fv2%2Fmedia&parent=2"}],"curies":[{"name":"wp","href":"https:\/\/api.w.org\/{rel}","templated":true}]}}